{"id":1322,"date":"2022-02-24T05:02:56","date_gmt":"2022-02-24T05:02:56","guid":{"rendered":"https:\/\/espk-lemurcolmar.fr\/?page_id=1322"},"modified":"2025-03-21T14:47:47","modified_gmt":"2025-03-21T14:47:47","slug":"home","status":"publish","type":"page","link":"https:\/\/espk-lemurcolmar.fr\/","title":{"rendered":"Accueil"},"content":{"rendered":"\n<div class=\"wp-block-uagb-container uagb-block-488ec0f1 alignfull uagb-is-root-container\"><div class=\"uagb-container-inner-blocks-wrap\">\n<div class=\"wp-block-uagb-advanced-heading uagb-block-74222d81\"><h6 class=\"uagb-heading-text\">Bienvenue sur<\/h6><\/div>\n\n\n\n<div class=\"wp-block-uagb-info-box uagb-block-51f99828 uagb-infobox__content-wrap  uagb-infobox-icon-above-title uagb-infobox-image-valign-top\"><div class=\"uagb-ifb-content\"><div class=\"uagb-ifb-title-wrap\"><h1 class=\"uagb-ifb-title\">ESPK &#8211; Le Mur Colmar<\/h1><\/div><p class=\"uagb-ifb-desc\">Association ayant pour but de promouvoir et de rendre accessible le graffiti et la peinture murale dans la r\u00e9gion de Colmar<br>Notre volont\u00e9&nbsp;: que chacun puisse profiter, s\u2019\u00e9merveiller devant des \u0153uvres aussi \u00e9clectiques qu\u2019inspirantes et surtout partager notre passion. &nbsp;Rejoignez l&rsquo;aventure !<\/p><div class=\"uagb-ifb-button-wrapper wp-block-button\"><a href=\"https:\/\/espk-lemurcolmar.fr\/?page_id=1889\" class=\"uagb-infobox-cta-link wp-block-button__link\" target=\"_self\" rel=\"noopener noreferrer\" onclick=\"return true;\"><span class=\"uagb-inline-editing\">adh\u00e9rer<\/span><\/a><\/div><\/div><\/div>\n<\/div><\/div>\n\n\n\n<div class=\"wp-block-uagb-container uagb-block-f167fb4d alignfull uagb-is-root-container\"><div class=\"uagb-container-inner-blocks-wrap\">\n<div class=\"wp-block-uagb-advanced-heading uagb-block-afbf302f\"><h2 class=\"uagb-heading-text\">Actualit\u00e9s<\/h2><div class=\"uagb-separator\"><\/div><\/div>\n\n\n\n<div class=\"wp-block-uagb-container uagb-block-b54e54ea\">\n<div class=\"wp-block-uagb-container uagb-block-43c66c6a\">\n<div class=\"wp-block-uagb-info-box uagb-block-ef97abeb uagb-infobox__content-wrap  uagb-infobox-icon-above-title uagb-infobox-image-valign-top\"><div class=\"uagb-ifb-content\"><div class=\"uagb-ifb-image-content\"><img decoding=\"async\" src=\"https:\/\/espk-lemurcolmar.fr\/wp-content\/uploads\/2025\/03\/FB-EVENT-Image-1024x536.jpg\" alt=\"\" width=\"1024\" height=\"536\" loading=\"lazy\"\/><\/div><div class=\"uagb-ifb-title-wrap\"><h3 class=\"uagb-ifb-title\">Event in\u00e9dit &#8211; 12 avril 2025 \u00e0 partir de 14h au Grillen 19 rue des jardins 68 000 Colmar<\/h3><\/div><\/div><\/div>\n<\/div>\n<\/div>\n\n\n\n<ul class=\"is-layout-flex wp-block-social-links aligncenter has-visible-labels\"><li class=\"wp-social-link wp-social-link-facebook wp-block-social-link\"><a href=\"https:\/\/www.facebook.com\/events\/1188753296208612\" rel=\"noopener nofollow\" target=\"_blank\" class=\"wp-block-social-link-anchor\"><svg width=\"24\" height=\"24\" viewBox=\"0 0 24 24\" version=\"1.1\" xmlns=\"http:\/\/www.w3.org\/2000\/svg\" aria-hidden=\"true\" focusable=\"false\"><path d=\"M12 2C6.5 2 2 6.5 2 12c0 5 3.7 9.1 8.4 9.9v-7H7.9V12h2.5V9.8c0-2.5 1.5-3.9 3.8-3.9 1.1 0 2.2.2 2.2.2v2.5h-1.3c-1.2 0-1.6.8-1.6 1.6V12h2.8l-.4 2.9h-2.3v7C18.3 21.1 22 17 22 12c0-5.5-4.5-10-10-10z\"><\/path><\/svg><span class=\"wp-block-social-link-label\">Voir l&#039;\u00e9v\u00e8nement sur Facebook<\/span><\/a><\/li><\/ul>\n\n\n\n<p>L&rsquo;association ESPK &#8211; LE MUR COLMAR, un collectif passionn\u00e9 par l&rsquo;art du graffiti et du street art, vous invite \u00e0 un \u00e9v\u00e9nement exceptionnel le samedi 12 avril dans la mythique salle du Grillen \u00e0 Colmar. De 14h \u00e0 20h, plongez dans l&rsquo;univers cr\u00e9atif d\u2019une vingtaine d&rsquo;artistes locaux et reconnus, qui viendront d\u00e9voiler leur savoir-faire en direct, sur des murs miniaturis\u00e9s sp\u00e9cialement con\u00e7us pour l&rsquo;occasion.<br><br>C\u2019est l\u2019opportunit\u00e9 r\u00eav\u00e9e de d\u00e9couvrir l\u2019art du graffiti sous toutes ses formes ! Vous pourrez non seulement assister en live \u00e0 la cr\u00e9ation d&rsquo;\u0153uvres spectaculaires, mais aussi \u00e9changer avec les artistes tout au long de l\u2019\u00e9v\u00e9nement. Et ce n\u2019est pas tout ! Les plus jeunes auront la chance de s\u2019essayer \u00e0 la cr\u00e9ation sous les conseils bienveillants des b\u00e9n\u00e9voles de l\u2019association.<br>L\u2019ambiance sera amplifi\u00e9e par des DJ Sets de Blue Hour et E-Mix. Leur touche musicale vous accompagnera tout au long de cette journ\u00e9e vibrante. \u00c0 partir de 22h, Macrowave donnera un concert qui plongera le public dans un univers Cinematic Dark Synth, avec des sonorit\u00e9s envo\u00fbtantes et modernes, pour une immersion totale dans un monde futuriste et cin\u00e9matographique. La bonne ambiance continuera ensuite sur une note festive avec nos DJ qui se relaieront pour vous faire danser jusqu&rsquo;\u00e0 la fin de l&rsquo;\u00e9v\u00e9nement ! L\u2019entr\u00e9e \u00e0 la soir\u00e9e sera de 5\u20ac en caisse du soir et de 3\u20ac sous pr\u00e9sentation de la carte de membre Hi\u00e9ro.<br>Besoin de reprendre des forces ? Pas de souci ! Une buvette et de la petite restauration seront disponibles tout au long de l&rsquo;\u00e9v\u00e9nement pour vous satisfaire.<br>Cet \u00e9v\u00e9nement est rendu possible gr\u00e2ce \u00e0 nos pr\u00e9cieux partenaires Urban Painters et Molotow.<br><br>Ne manquez pas cette journ\u00e9e pleine de couleurs, de cr\u00e9ativit\u00e9, et de bonne humeur ! Nous avons h\u00e2te de vous y retrouver nombreux pour vivre cette exp\u00e9rience artistique et musicale hors du commun.<br><br>Rendez-vous le 12 avril au Grillen !<\/p>\n\n\n\n<p class=\"wp-elements-7b7f71f7edf93b3977b3e237f4e151b2 has-vivid-cyan-blue-color has-text-color has-link-color\"><a href=\"https:\/\/www.facebook.com\/events\/1188753296208612\">https:\/\/www.facebook.com\/events\/1188753296208612<\/a><\/p>\n<\/div><\/div>\n\n\n\n<div class=\"inherit-container-width is-layout-constrained wp-block-group alignfull has-background\" style=\"background-color:#171717\">\n<h2 class=\"has-text-align-center has-text-color\" style=\"color:#ffffff\">Quelques r\u00e9alisations de nos artistes talentueux<\/h2>\n\n\n\n<p class=\"has-text-align-center has-text-color\" style=\"color:#d7d7d7\">Nous avons immortalis\u00e9 certains \u00e9v\u00e8nements.<\/p>\n\n\n\n<figure class=\"is-layout-flex wp-block-gallery-2 wp-block-gallery has-nested-images columns-4\">\n<figure class=\"wp-block-image size-full\"><img decoding=\"async\" loading=\"lazy\" width=\"1022\" height=\"442\" src=\"https:\/\/espk-lemurcolmar.fr\/wp-content\/uploads\/2023\/03\/gabarit-BUSTART-01-1.jpg\" alt=\"\" class=\"wp-image-1961\" srcset=\"https:\/\/espk-lemurcolmar.fr\/wp-content\/uploads\/2023\/03\/gabarit-BUSTART-01-1.jpg 1022w, https:\/\/espk-lemurcolmar.fr\/wp-content\/uploads\/2023\/03\/gabarit-BUSTART-01-1-300x130.jpg 300w, https:\/\/espk-lemurcolmar.fr\/wp-content\/uploads\/2023\/03\/gabarit-BUSTART-01-1-768x332.jpg 768w\" sizes=\"(max-width: 1022px) 100vw, 1022px\" \/><\/figure>\n\n\n\n<figure class=\"wp-block-image size-full\"><img decoding=\"async\" loading=\"lazy\" width=\"1022\" height=\"442\" src=\"https:\/\/espk-lemurcolmar.fr\/wp-content\/uploads\/2023\/03\/gabarit-zeek-01.jpg\" alt=\"\" class=\"wp-image-1953\" srcset=\"https:\/\/espk-lemurcolmar.fr\/wp-content\/uploads\/2023\/03\/gabarit-zeek-01.jpg 1022w, https:\/\/espk-lemurcolmar.fr\/wp-content\/uploads\/2023\/03\/gabarit-zeek-01-300x130.jpg 300w, https:\/\/espk-lemurcolmar.fr\/wp-content\/uploads\/2023\/03\/gabarit-zeek-01-768x332.jpg 768w\" sizes=\"(max-width: 1022px) 100vw, 1022px\" \/><\/figure>\n\n\n\n<figure class=\"wp-block-image size-full\"><img decoding=\"async\" loading=\"lazy\" width=\"1022\" height=\"442\" src=\"https:\/\/espk-lemurcolmar.fr\/wp-content\/uploads\/2023\/03\/rib1-01-1.jpg\" alt=\"\" class=\"wp-image-1960\" srcset=\"https:\/\/espk-lemurcolmar.fr\/wp-content\/uploads\/2023\/03\/rib1-01-1.jpg 1022w, https:\/\/espk-lemurcolmar.fr\/wp-content\/uploads\/2023\/03\/rib1-01-1-300x130.jpg 300w, https:\/\/espk-lemurcolmar.fr\/wp-content\/uploads\/2023\/03\/rib1-01-1-768x332.jpg 768w\" sizes=\"(max-width: 1022px) 100vw, 1022px\" \/><\/figure>\n\n\n\n<figure class=\"wp-block-image size-full\"><img decoding=\"async\" loading=\"lazy\" width=\"1022\" height=\"442\" src=\"https:\/\/espk-lemurcolmar.fr\/wp-content\/uploads\/2023\/03\/gabarit-Jean-LINHOF-03-1.jpg\" alt=\"\" class=\"wp-image-1959\" srcset=\"https:\/\/espk-lemurcolmar.fr\/wp-content\/uploads\/2023\/03\/gabarit-Jean-LINHOF-03-1.jpg 1022w, https:\/\/espk-lemurcolmar.fr\/wp-content\/uploads\/2023\/03\/gabarit-Jean-LINHOF-03-1-300x130.jpg 300w, https:\/\/espk-lemurcolmar.fr\/wp-content\/uploads\/2023\/03\/gabarit-Jean-LINHOF-03-1-768x332.jpg 768w\" sizes=\"(max-width: 1022px) 100vw, 1022px\" \/><\/figure>\n\n\n\n<figure class=\"wp-block-image size-full\"><img decoding=\"async\" loading=\"lazy\" width=\"1200\" height=\"650\" src=\"https:\/\/espk-lemurcolmar.fr\/wp-content\/uploads\/2023\/03\/gabarit-JUDD-01.jpg\" alt=\"\" class=\"wp-image-1963\" srcset=\"https:\/\/espk-lemurcolmar.fr\/wp-content\/uploads\/2023\/03\/gabarit-JUDD-01.jpg 1200w, https:\/\/espk-lemurcolmar.fr\/wp-content\/uploads\/2023\/03\/gabarit-JUDD-01-300x163.jpg 300w, https:\/\/espk-lemurcolmar.fr\/wp-content\/uploads\/2023\/03\/gabarit-JUDD-01-1024x555.jpg 1024w, https:\/\/espk-lemurcolmar.fr\/wp-content\/uploads\/2023\/03\/gabarit-JUDD-01-768x416.jpg 768w\" sizes=\"(max-width: 1200px) 100vw, 1200px\" \/><\/figure>\n\n\n\n<figure class=\"wp-block-image size-full\"><img decoding=\"async\" loading=\"lazy\" width=\"1200\" height=\"650\" src=\"https:\/\/espk-lemurcolmar.fr\/wp-content\/uploads\/2023\/03\/gabarit-Mr-ZLAM-01.jpg\" alt=\"\" class=\"wp-image-1965\" srcset=\"https:\/\/espk-lemurcolmar.fr\/wp-content\/uploads\/2023\/03\/gabarit-Mr-ZLAM-01.jpg 1200w, https:\/\/espk-lemurcolmar.fr\/wp-content\/uploads\/2023\/03\/gabarit-Mr-ZLAM-01-300x163.jpg 300w, https:\/\/espk-lemurcolmar.fr\/wp-content\/uploads\/2023\/03\/gabarit-Mr-ZLAM-01-1024x555.jpg 1024w, https:\/\/espk-lemurcolmar.fr\/wp-content\/uploads\/2023\/03\/gabarit-Mr-ZLAM-01-768x416.jpg 768w\" sizes=\"(max-width: 1200px) 100vw, 1200px\" \/><\/figure>\n\n\n\n<figure class=\"wp-block-image size-full\"><img decoding=\"async\" loading=\"lazy\" width=\"1200\" height=\"650\" src=\"https:\/\/espk-lemurcolmar.fr\/wp-content\/uploads\/2023\/03\/gabarit-EDOUARD-BLUM-08.jpg\" alt=\"\" class=\"wp-image-1966\" srcset=\"https:\/\/espk-lemurcolmar.fr\/wp-content\/uploads\/2023\/03\/gabarit-EDOUARD-BLUM-08.jpg 1200w, https:\/\/espk-lemurcolmar.fr\/wp-content\/uploads\/2023\/03\/gabarit-EDOUARD-BLUM-08-300x163.jpg 300w, https:\/\/espk-lemurcolmar.fr\/wp-content\/uploads\/2023\/03\/gabarit-EDOUARD-BLUM-08-1024x555.jpg 1024w, https:\/\/espk-lemurcolmar.fr\/wp-content\/uploads\/2023\/03\/gabarit-EDOUARD-BLUM-08-768x416.jpg 768w\" sizes=\"(max-width: 1200px) 100vw, 1200px\" \/><\/figure>\n\n\n\n<figure class=\"wp-block-image size-full\"><img decoding=\"async\" loading=\"lazy\" width=\"1200\" height=\"650\" src=\"https:\/\/espk-lemurcolmar.fr\/wp-content\/uploads\/2023\/03\/gabarit-DOM-02.jpg\" alt=\"\" class=\"wp-image-1967\" srcset=\"https:\/\/espk-lemurcolmar.fr\/wp-content\/uploads\/2023\/03\/gabarit-DOM-02.jpg 1200w, https:\/\/espk-lemurcolmar.fr\/wp-content\/uploads\/2023\/03\/gabarit-DOM-02-300x163.jpg 300w, https:\/\/espk-lemurcolmar.fr\/wp-content\/uploads\/2023\/03\/gabarit-DOM-02-1024x555.jpg 1024w, https:\/\/espk-lemurcolmar.fr\/wp-content\/uploads\/2023\/03\/gabarit-DOM-02-768x416.jpg 768w\" sizes=\"(max-width: 1200px) 100vw, 1200px\" \/><\/figure>\n<\/figure>\n<\/div>\n\n\n\n<div class=\"wp-block-uagb-container uagb-block-04b10984 alignfull uagb-is-root-container\"><div class=\"uagb-container-inner-blocks-wrap\">\n<div class=\"wp-block-uagb-container uagb-block-dce1ba03\">\n<div class=\"wp-block-uagb-info-box uagb-block-0932639b uagb-infobox__content-wrap  uagb-infobox-icon-above-title uagb-infobox-image-valign-top\"><div class=\"uagb-ifb-content\"><div class=\"uagb-ifb-title-wrap\"><span class=\"uagb-ifb-title-prefix\">Le mot de la pr\u00e9sidente &#8211; Marie Haffner alias Ma Rie<\/span><h4 class=\"uagb-ifb-title\">Bienvenue et merci de visiter notre site \ud83d\ude42<\/h4><\/div><p class=\"uagb-ifb-desc\">En tant que passionn\u00e9s, nous avons pour objectif de d\u00e9velopper le graffiti et la peinture murale dans notre belle r\u00e9gion. Nous avons entrepris de soutenir les artistes ainsi que les projets et \u00e9v\u00e8nements qui refl\u00e8tent nos valeurs. Nous esp\u00e9rons, par le biais de notre association, permettre aux artistes d\u2019exprimer leur savoir-faire, leur cr\u00e9ativit\u00e9 et mettre un peu plus de couleur dans le monde. En ce sens, nous remercions chaleureusement toutes les personnes qui nous soutiennent ainsi que nos partenaires.<br><\/p><div class=\"uagb-ifb-button-wrapper wp-block-button\"><a href=\"https:\/\/espk-lemurcolmar.fr\/?page_id=1889\" class=\"uagb-infobox-cta-link wp-block-button__link\" target=\"_self\" rel=\"noopener noreferrer\" onclick=\"return true;\"><span class=\"uagb-inline-editing\">adh\u00e9rer<\/span><\/a><\/div><\/div><\/div>\n<\/div>\n\n\n\n<div class=\"wp-block-uagb-container uagb-block-00c3c80f\">\n<div class=\"wp-block-uagb-image uagb-block-bb69f7c3 wp-block-uagb-image--layout-default wp-block-uagb-image--effect-static wp-block-uagb-image--align-none\"><figure class=\"wp-block-uagb-image__figure\"><img decoding=\"async\" srcset=\"https:\/\/espk-lemurcolmar.fr\/wp-content\/uploads\/2023\/03\/332123073_1282225372635727_9182333662206417010_n.jpg \" sizes=\"(max-width: 480px) 150px\" src=\"https:\/\/espk-lemurcolmar.fr\/wp-content\/uploads\/2023\/03\/332123073_1282225372635727_9182333662206417010_n.jpg\" alt=\"\" class=\"uag-image-1968\" width=\"953\" height=\"960\" title=\"\" loading=\"lazy\" role=\"img\"\/><\/figure><\/div>\n<\/div>\n<\/div><\/div>\n\n\n\n<div class=\"wp-block-uagb-container uagb-block-3539ae3b alignfull uagb-is-root-container\"><div class=\"uagb-container-inner-blocks-wrap\">\n<div class=\"wp-block-uagb-info-box uagb-block-eba262b9 uagb-infobox__content-wrap  uagb-infobox-icon-above-title uagb-infobox-image-valign-top\"><div class=\"uagb-ifb-content\"><div class=\"uagb-ifb-title-wrap\"><h1 class=\"uagb-ifb-title\">Vous avez des questions&#8230;<\/h1><\/div><p class=\"uagb-ifb-desc\"> Vous souhaitez cr\u00e9er un projet ou un \u00e9v\u00e8nement et souhaitez faire appel \u00e0 l&rsquo;un de nos artistes ou pourquoi pas, impliquer notre association dans votre d\u00e9marche avec un live painting ou l&rsquo;animation d&rsquo;un atelier sur le th\u00e8me du graffiti ?<br>&#8211; C&rsquo;est avec joie que nous en discuterons avec vous. <br>Nous vous invitons \u00e0 prendre contact avec nous en cliquant sur le bouton ci-dessous.<\/p><div class=\"uagb-ifb-button-wrapper wp-block-button\"><a href=\"https:\/\/espk-lemurcolmar.fr\/?page_id=1328\" class=\"uagb-infobox-cta-link wp-block-button__link\" target=\"_self\" rel=\"noopener noreferrer\" onclick=\"return true;\"><span class=\"uagb-inline-editing\">contact<\/span><\/a><\/div><\/div><\/div>\n<\/div><\/div>\n","protected":false},"excerpt":{"rendered":"<p>Bienvenue sur Actualit\u00e9s L&rsquo;association ESPK &#8211; LE MUR COLMAR, un collectif passionn\u00e9 par l&rsquo;art du graffiti et du street art, vous invite \u00e0 un \u00e9v\u00e9nement exceptionnel le samedi 12 avril dans la mythique salle du Grillen \u00e0 Colmar. De 14h \u00e0 20h, plongez dans l&rsquo;univers cr\u00e9atif d\u2019une vingtaine d&rsquo;artistes locaux et reconnus, qui viendront d\u00e9voiler &hellip;<\/p>\n<p class=\"read-more\"> <a class=\"\" href=\"https:\/\/espk-lemurcolmar.fr\/\"> <span class=\"screen-reader-text\">Accueil<\/span> Lire la suite\u00a0\u00bb<\/a><\/p>\n","protected":false},"author":1,"featured_media":0,"parent":0,"menu_order":0,"comment_status":"closed","ping_status":"closed","template":"","meta":{"_uag_custom_page_level_css":"","site-sidebar-layout":"no-sidebar","site-content-layout":"page-builder","ast-global-header-display":"","ast-main-header-display":"","ast-hfb-above-header-display":"","ast-hfb-below-header-display":"","ast-hfb-mobile-header-display":"","site-post-title":"disabled","ast-breadcrumbs-content":"","ast-featured-img":"disabled","footer-sml-layout":"","theme-transparent-header-meta":"enabled","adv-header-id-meta":"","stick-header-meta":"","header-above-stick-meta":"","header-main-stick-meta":"","header-below-stick-meta":""},"yoast_head":"<!-- This site is optimized with the Yoast SEO plugin v20.3 - https:\/\/yoast.com\/wordpress\/plugins\/seo\/ -->\n<title>Accueil - Le Mur Colmar<\/title>\n<meta name=\"robots\" content=\"index, follow, max-snippet:-1, max-image-preview:large, max-video-preview:-1\" \/>\n<link rel=\"canonical\" href=\"https:\/\/espk-lemurcolmar.fr\/\" \/>\n<meta property=\"og:locale\" content=\"fr_FR\" \/>\n<meta property=\"og:type\" content=\"article\" \/>\n<meta property=\"og:title\" content=\"Accueil - Le Mur Colmar\" \/>\n<meta property=\"og:description\" content=\"Bienvenue sur Actualit\u00e9s L&rsquo;association ESPK &#8211; LE MUR COLMAR, un collectif passionn\u00e9 par l&rsquo;art du graffiti et du street art, vous invite \u00e0 un \u00e9v\u00e9nement exceptionnel le samedi 12 avril dans la mythique salle du Grillen \u00e0 Colmar. De 14h \u00e0 20h, plongez dans l&rsquo;univers cr\u00e9atif d\u2019une vingtaine d&rsquo;artistes locaux et reconnus, qui viendront d\u00e9voiler &hellip; Accueil Lire la suite\u00a0\u00bb\" \/>\n<meta property=\"og:url\" content=\"https:\/\/espk-lemurcolmar.fr\/\" \/>\n<meta property=\"og:site_name\" content=\"Le Mur Colmar\" \/>\n<meta property=\"article:publisher\" content=\"https:\/\/www.facebook.com\/lemurcolmar\" \/>\n<meta property=\"article:modified_time\" content=\"2025-03-21T14:47:47+00:00\" \/>\n<meta property=\"og:image\" content=\"https:\/\/espk-lemurcolmar.fr\/wp-content\/uploads\/2025\/03\/FB-EVENT-Image-1024x536.jpg\" \/>\n<meta name=\"twitter:card\" content=\"summary_large_image\" \/>\n<meta name=\"twitter:label1\" content=\"Dur\u00e9e de lecture estim\u00e9e\" \/>\n\t<meta name=\"twitter:data1\" content=\"5 minutes\" \/>\n<script type=\"application\/ld+json\" class=\"yoast-schema-graph\">{\"@context\":\"https:\/\/schema.org\",\"@graph\":[{\"@type\":\"WebPage\",\"@id\":\"https:\/\/espk-lemurcolmar.fr\/\",\"url\":\"https:\/\/espk-lemurcolmar.fr\/\",\"name\":\"Accueil - Le Mur Colmar\",\"isPartOf\":{\"@id\":\"https:\/\/espk-lemurcolmar.fr\/#website\"},\"datePublished\":\"2022-02-24T05:02:56+00:00\",\"dateModified\":\"2025-03-21T14:47:47+00:00\",\"breadcrumb\":{\"@id\":\"https:\/\/espk-lemurcolmar.fr\/#breadcrumb\"},\"inLanguage\":\"fr-FR\",\"potentialAction\":[{\"@type\":\"ReadAction\",\"target\":[\"https:\/\/espk-lemurcolmar.fr\/\"]}]},{\"@type\":\"BreadcrumbList\",\"@id\":\"https:\/\/espk-lemurcolmar.fr\/#breadcrumb\",\"itemListElement\":[{\"@type\":\"ListItem\",\"position\":1,\"name\":\"Home\",\"item\":\"https:\/\/espk-lemurcolmar.fr\/\"},{\"@type\":\"ListItem\",\"position\":2,\"name\":\"Accueil\"}]},{\"@type\":\"WebSite\",\"@id\":\"https:\/\/espk-lemurcolmar.fr\/#website\",\"url\":\"https:\/\/espk-lemurcolmar.fr\/\",\"name\":\"ESPK - Le Mur Colmar\",\"description\":\"\",\"publisher\":{\"@id\":\"https:\/\/espk-lemurcolmar.fr\/#organization\"},\"potentialAction\":[{\"@type\":\"SearchAction\",\"target\":{\"@type\":\"EntryPoint\",\"urlTemplate\":\"https:\/\/espk-lemurcolmar.fr\/?s={search_term_string}\"},\"query-input\":\"required name=search_term_string\"}],\"inLanguage\":\"fr-FR\"},{\"@type\":\"Organization\",\"@id\":\"https:\/\/espk-lemurcolmar.fr\/#organization\",\"name\":\"ESPK - Le Mur Colmar\",\"url\":\"https:\/\/espk-lemurcolmar.fr\/\",\"logo\":{\"@type\":\"ImageObject\",\"inLanguage\":\"fr-FR\",\"@id\":\"https:\/\/espk-lemurcolmar.fr\/#\/schema\/logo\/image\/\",\"url\":\"https:\/\/espk-lemurcolmar.fr\/wp-content\/uploads\/2023\/02\/espkL1.png\",\"contentUrl\":\"https:\/\/espk-lemurcolmar.fr\/wp-content\/uploads\/2023\/02\/espkL1.png\",\"width\":132,\"height\":60,\"caption\":\"ESPK - Le Mur Colmar\"},\"image\":{\"@id\":\"https:\/\/espk-lemurcolmar.fr\/#\/schema\/logo\/image\/\"},\"sameAs\":[\"https:\/\/www.facebook.com\/lemurcolmar\",\"https:\/\/www.instagram.com\/lemurcolmar\/\"]}]}<\/script>\n<!-- \/ Yoast SEO plugin. -->","yoast_head_json":{"title":"Accueil - Le Mur Colmar","robots":{"index":"index","follow":"follow","max-snippet":"max-snippet:-1","max-image-preview":"max-image-preview:large","max-video-preview":"max-video-preview:-1"},"canonical":"https:\/\/espk-lemurcolmar.fr\/","og_locale":"fr_FR","og_type":"article","og_title":"Accueil - Le Mur Colmar","og_description":"Bienvenue sur Actualit\u00e9s L&rsquo;association ESPK &#8211; LE MUR COLMAR, un collectif passionn\u00e9 par l&rsquo;art du graffiti et du street art, vous invite \u00e0 un \u00e9v\u00e9nement exceptionnel le samedi 12 avril dans la mythique salle du Grillen \u00e0 Colmar. De 14h \u00e0 20h, plongez dans l&rsquo;univers cr\u00e9atif d\u2019une vingtaine d&rsquo;artistes locaux et reconnus, qui viendront d\u00e9voiler &hellip; Accueil Lire la suite\u00a0\u00bb","og_url":"https:\/\/espk-lemurcolmar.fr\/","og_site_name":"Le Mur Colmar","article_publisher":"https:\/\/www.facebook.com\/lemurcolmar","article_modified_time":"2025-03-21T14:47:47+00:00","og_image":[{"url":"https:\/\/espk-lemurcolmar.fr\/wp-content\/uploads\/2025\/03\/FB-EVENT-Image-1024x536.jpg"}],"twitter_card":"summary_large_image","twitter_misc":{"Dur\u00e9e de lecture estim\u00e9e":"5 minutes"},"schema":{"@context":"https:\/\/schema.org","@graph":[{"@type":"WebPage","@id":"https:\/\/espk-lemurcolmar.fr\/","url":"https:\/\/espk-lemurcolmar.fr\/","name":"Accueil - Le Mur Colmar","isPartOf":{"@id":"https:\/\/espk-lemurcolmar.fr\/#website"},"datePublished":"2022-02-24T05:02:56+00:00","dateModified":"2025-03-21T14:47:47+00:00","breadcrumb":{"@id":"https:\/\/espk-lemurcolmar.fr\/#breadcrumb"},"inLanguage":"fr-FR","potentialAction":[{"@type":"ReadAction","target":["https:\/\/espk-lemurcolmar.fr\/"]}]},{"@type":"BreadcrumbList","@id":"https:\/\/espk-lemurcolmar.fr\/#breadcrumb","itemListElement":[{"@type":"ListItem","position":1,"name":"Home","item":"https:\/\/espk-lemurcolmar.fr\/"},{"@type":"ListItem","position":2,"name":"Accueil"}]},{"@type":"WebSite","@id":"https:\/\/espk-lemurcolmar.fr\/#website","url":"https:\/\/espk-lemurcolmar.fr\/","name":"ESPK - Le Mur Colmar","description":"","publisher":{"@id":"https:\/\/espk-lemurcolmar.fr\/#organization"},"potentialAction":[{"@type":"SearchAction","target":{"@type":"EntryPoint","urlTemplate":"https:\/\/espk-lemurcolmar.fr\/?s={search_term_string}"},"query-input":"required name=search_term_string"}],"inLanguage":"fr-FR"},{"@type":"Organization","@id":"https:\/\/espk-lemurcolmar.fr\/#organization","name":"ESPK - Le Mur Colmar","url":"https:\/\/espk-lemurcolmar.fr\/","logo":{"@type":"ImageObject","inLanguage":"fr-FR","@id":"https:\/\/espk-lemurcolmar.fr\/#\/schema\/logo\/image\/","url":"https:\/\/espk-lemurcolmar.fr\/wp-content\/uploads\/2023\/02\/espkL1.png","contentUrl":"https:\/\/espk-lemurcolmar.fr\/wp-content\/uploads\/2023\/02\/espkL1.png","width":132,"height":60,"caption":"ESPK - Le Mur Colmar"},"image":{"@id":"https:\/\/espk-lemurcolmar.fr\/#\/schema\/logo\/image\/"},"sameAs":["https:\/\/www.facebook.com\/lemurcolmar","https:\/\/www.instagram.com\/lemurcolmar\/"]}]}},"uagb_featured_image_src":{"full":false,"thumbnail":false,"medium":false,"medium_large":false,"large":false,"1536x1536":false,"2048x2048":false},"uagb_author_info":{"display_name":"zeeknoctem@gmail.com","author_link":"https:\/\/espk-lemurcolmar.fr\/?author=1"},"uagb_comment_info":0,"uagb_excerpt":"Bienvenue sur Actualit\u00e9s L&rsquo;association ESPK &#8211; LE MUR COLMAR, un collectif passionn\u00e9 par l&rsquo;art du graffiti et du street art, vous invite \u00e0 un \u00e9v\u00e9nement exceptionnel le samedi 12 avril dans la mythique salle du Grillen \u00e0 Colmar. De 14h \u00e0 20h, plongez dans l&rsquo;univers cr\u00e9atif d\u2019une vingtaine d&rsquo;artistes locaux et reconnus, qui viendront d\u00e9voiler\u2026","_links":{"self":[{"href":"https:\/\/espk-lemurcolmar.fr\/index.php?rest_route=\/wp\/v2\/pages\/1322"}],"collection":[{"href":"https:\/\/espk-lemurcolmar.fr\/index.php?rest_route=\/wp\/v2\/pages"}],"about":[{"href":"https:\/\/espk-lemurcolmar.fr\/index.php?rest_route=\/wp\/v2\/types\/page"}],"author":[{"embeddable":true,"href":"https:\/\/espk-lemurcolmar.fr\/index.php?rest_route=\/wp\/v2\/users\/1"}],"replies":[{"embeddable":true,"href":"https:\/\/espk-lemurcolmar.fr\/index.php?rest_route=%2Fwp%2Fv2%2Fcomments&post=1322"}],"version-history":[{"count":63,"href":"https:\/\/espk-lemurcolmar.fr\/index.php?rest_route=\/wp\/v2\/pages\/1322\/revisions"}],"predecessor-version":[{"id":2439,"href":"https:\/\/espk-lemurcolmar.fr\/index.php?rest_route=\/wp\/v2\/pages\/1322\/revisions\/2439"}],"wp:attachment":[{"href":"https:\/\/espk-lemurcolmar.fr\/index.php?rest_route=%2Fwp%2Fv2%2Fmedia&parent=1322"}],"curies":[{"name":"wp","href":"https:\/\/api.w.org\/{rel}","templated":true}]}}