{"id":1326,"date":"2022-02-24T05:04:17","date_gmt":"2022-02-24T05:04:17","guid":{"rendered":"https:\/\/espk-lemurcolmar.fr\/?page_id=1326"},"modified":"2023-04-30T20:55:04","modified_gmt":"2023-04-30T20:55:04","slug":"services","status":"publish","type":"page","link":"https:\/\/espk-lemurcolmar.fr\/?page_id=1326","title":{"rendered":"Les Projets"},"content":{"rendered":"\n<div class=\"wp-block-uagb-container uagb-block-b191e55c alignfull uagb-is-root-container\"><div class=\"uagb-container-inner-blocks-wrap\">\n<div class=\"wp-block-uagb-advanced-heading uagb-block-a75b3f55\"><h1 class=\"uagb-heading-text\">Les projets<\/h1><\/div>\n<\/div><\/div>\n\n\n\n<div class=\"wp-block-uagb-container uagb-block-8ed6cc2b alignfull uagb-is-root-container\"><div class=\"uagb-container-inner-blocks-wrap\">\n<div class=\"wp-block-uagb-container uagb-block-87658698\">\n<div class=\"wp-block-uagb-image alignright uagb-block-cb1661ce wp-block-uagb-image--layout-default wp-block-uagb-image--effect-static wp-block-uagb-image--align-right\"><figure class=\"wp-block-uagb-image__figure\"><img decoding=\"async\" srcset=\"https:\/\/espk-lemurcolmar.fr\/wp-content\/uploads\/2023\/04\/Judd-Vignette.jpg ,https:\/\/espk-lemurcolmar.fr\/wp-content\/uploads\/2023\/04\/Judd-Vignette-300x163.jpg 780w, https:\/\/espk-lemurcolmar.fr\/wp-content\/uploads\/2023\/04\/Judd-Vignette-300x163.jpg 360w\" sizes=\"(max-width: 480px) 150px\" src=\"https:\/\/espk-lemurcolmar.fr\/wp-content\/uploads\/2023\/04\/Judd-Vignette.jpg\" alt=\"\" class=\"uag-image-2320\" width=\"1024\" height=\"555\" title=\"\" loading=\"lazy\"\/><\/figure><\/div>\n<\/div>\n\n\n\n<div class=\"wp-block-uagb-container uagb-block-db7385b4\">\n<div class=\"wp-block-uagb-info-box uagb-block-12dca300 uagb-infobox__content-wrap  uagb-infobox-icon-above-title uagb-infobox-image-valign-top\"><div class=\"uagb-ifb-content\"><div class=\"uagb-ifb-title-wrap\"><h4 class=\"uagb-ifb-title\">\u00ab\u00a0La Vignette\u00a0\u00bb<\/h4><\/div><p class=\"uagb-ifb-desc\">La Vignette est le mur d\u2019expression qui nous a \u00e9t\u00e9 mis \u00e0 disposition et qui a pour but d\u2019accueillir un artiste tous les deux mois permettant ainsi de varier les styles et les \u0153uvres r\u00e9guli\u00e8rement. Du lettrages \u00e0 l\u2019illustration, ce petit format permet \u00e0 chaque artiste de s\u2019approprier un espace carr\u00e9, au c\u0153ur du quartier du Grillenbreit de Colmar.<br>Vous souhaitez candidater et vous exprimer sur ce mur, contactez-nous&nbsp;!<br><\/p><\/div><\/div>\n<\/div>\n<\/div><\/div>\n\n\n\t\t\t\t\t<div\n\t\t\t\t\t\tclass=\"wp-block-uagb-image-gallery uagb-block-4b924cc9     \"\n\t\t\t\t\t\tstyle=\"\"\n\t\t\t\t\t>\n\t\t\t\t\t\t\t\t\t\t\t<div class=\"spectra-image-gallery spectra-image-gallery__layout--carousel\">\n\t\t\t\t\t\t\t\t<div class=\"uagb-slick-carousel uagb-block-4b924cc9\">\n\t\t\t\t\t\t\t\t\t\t\t\t<div class='spectra-image-gallery__media-wrapper' data-spectra-gallery-image-id='1966'>\n\t\t\t\t\t\t\t<div class=\"spectra-image-gallery__media spectra-image-gallery__media--carousel\">\n\t\t\t\t<picture>\n\t\t\t\t\t<source media=\"(min-width: 1024px)\" srcset=\"https:\/\/espk-lemurcolmar.fr\/wp-content\/uploads\/2023\/03\/gabarit-EDOUARD-BLUM-08-1024x555.jpg\">\n\t\t\t\t\t<source media=\"(min-width: 768px)\" srcset=\"https:\/\/espk-lemurcolmar.fr\/wp-content\/uploads\/2023\/03\/gabarit-EDOUARD-BLUM-08-1024x555.jpg\">\n\t\t\t\t\t<img decoding=\"async\" class=\"spectra-image-gallery__media-thumbnail spectra-image-gallery__media-thumbnail--carousel\" src=\"https:\/\/espk-lemurcolmar.fr\/wp-content\/uploads\/2023\/03\/gabarit-EDOUARD-BLUM-08-300x163.jpg\" alt=\"\" loading=\"lazy\" \/>\n\t\t\t\t<\/picture>\n\t\t\t\t<div class=\"spectra-image-gallery__media-thumbnail-blurrer\"><\/div>\n\t\t\t\t\t\t\t\t\t\t\t<div class=\"spectra-image-gallery__media-thumbnail-caption-wrapper spectra-image-gallery__media-thumbnail-caption-wrapper--overlay\"><\/div>\n\t\t\t\t\t\t\t\t<\/div>\n\t\t\t\t\t\t<\/div>\n\t\t\t\t\t\t<div class='spectra-image-gallery__media-wrapper' data-spectra-gallery-image-id='1965'>\n\t\t\t\t\t\t\t<div class=\"spectra-image-gallery__media spectra-image-gallery__media--carousel\">\n\t\t\t\t<picture>\n\t\t\t\t\t<source media=\"(min-width: 1024px)\" srcset=\"https:\/\/espk-lemurcolmar.fr\/wp-content\/uploads\/2023\/03\/gabarit-Mr-ZLAM-01-1024x555.jpg\">\n\t\t\t\t\t<source media=\"(min-width: 768px)\" srcset=\"https:\/\/espk-lemurcolmar.fr\/wp-content\/uploads\/2023\/03\/gabarit-Mr-ZLAM-01-1024x555.jpg\">\n\t\t\t\t\t<img decoding=\"async\" class=\"spectra-image-gallery__media-thumbnail spectra-image-gallery__media-thumbnail--carousel\" src=\"https:\/\/espk-lemurcolmar.fr\/wp-content\/uploads\/2023\/03\/gabarit-Mr-ZLAM-01-300x163.jpg\" alt=\"\" loading=\"lazy\" \/>\n\t\t\t\t<\/picture>\n\t\t\t\t<div class=\"spectra-image-gallery__media-thumbnail-blurrer\"><\/div>\n\t\t\t\t\t\t\t\t\t\t\t<div class=\"spectra-image-gallery__media-thumbnail-caption-wrapper spectra-image-gallery__media-thumbnail-caption-wrapper--overlay\"><\/div>\n\t\t\t\t\t\t\t\t<\/div>\n\t\t\t\t\t\t<\/div>\n\t\t\t\t\t\t<div class='spectra-image-gallery__media-wrapper' data-spectra-gallery-image-id='1963'>\n\t\t\t\t\t\t\t<div class=\"spectra-image-gallery__media spectra-image-gallery__media--carousel\">\n\t\t\t\t<picture>\n\t\t\t\t\t<source media=\"(min-width: 1024px)\" srcset=\"https:\/\/espk-lemurcolmar.fr\/wp-content\/uploads\/2023\/03\/gabarit-JUDD-01-1024x555.jpg\">\n\t\t\t\t\t<source media=\"(min-width: 768px)\" srcset=\"https:\/\/espk-lemurcolmar.fr\/wp-content\/uploads\/2023\/03\/gabarit-JUDD-01-1024x555.jpg\">\n\t\t\t\t\t<img decoding=\"async\" class=\"spectra-image-gallery__media-thumbnail spectra-image-gallery__media-thumbnail--carousel\" src=\"https:\/\/espk-lemurcolmar.fr\/wp-content\/uploads\/2023\/03\/gabarit-JUDD-01-300x163.jpg\" alt=\"\" loading=\"lazy\" \/>\n\t\t\t\t<\/picture>\n\t\t\t\t<div class=\"spectra-image-gallery__media-thumbnail-blurrer\"><\/div>\n\t\t\t\t\t\t\t\t\t\t\t<div class=\"spectra-image-gallery__media-thumbnail-caption-wrapper spectra-image-gallery__media-thumbnail-caption-wrapper--overlay\"><\/div>\n\t\t\t\t\t\t\t\t<\/div>\n\t\t\t\t\t\t<\/div>\n\t\t\t\t\t\t<div class='spectra-image-gallery__media-wrapper' data-spectra-gallery-image-id='1967'>\n\t\t\t\t\t\t\t<div class=\"spectra-image-gallery__media spectra-image-gallery__media--carousel\">\n\t\t\t\t<picture>\n\t\t\t\t\t<source media=\"(min-width: 1024px)\" srcset=\"https:\/\/espk-lemurcolmar.fr\/wp-content\/uploads\/2023\/03\/gabarit-DOM-02-1024x555.jpg\">\n\t\t\t\t\t<source media=\"(min-width: 768px)\" srcset=\"https:\/\/espk-lemurcolmar.fr\/wp-content\/uploads\/2023\/03\/gabarit-DOM-02-1024x555.jpg\">\n\t\t\t\t\t<img decoding=\"async\" class=\"spectra-image-gallery__media-thumbnail spectra-image-gallery__media-thumbnail--carousel\" src=\"https:\/\/espk-lemurcolmar.fr\/wp-content\/uploads\/2023\/03\/gabarit-DOM-02-300x163.jpg\" alt=\"\" loading=\"lazy\" \/>\n\t\t\t\t<\/picture>\n\t\t\t\t<div class=\"spectra-image-gallery__media-thumbnail-blurrer\"><\/div>\n\t\t\t\t\t\t\t\t\t\t\t<div class=\"spectra-image-gallery__media-thumbnail-caption-wrapper spectra-image-gallery__media-thumbnail-caption-wrapper--overlay\"><\/div>\n\t\t\t\t\t\t\t\t<\/div>\n\t\t\t\t\t\t<\/div>\n\t\t\t\t\t\t\t\t\t\t\t<\/div>\n\t\t\t\t\t\t\t<\/div>\n\t\t\t\t\t\t\t\t\t\t\t<\/div>\n\t\t\t\t\t\t\t\t\t\n\n\n<div class=\"wp-block-uagb-container uagb-block-c8320289 alignfull uagb-is-root-container\"><div class=\"uagb-container-inner-blocks-wrap\">\n<div class=\"wp-block-uagb-container uagb-block-af03f669\">\n<div class=\"wp-block-uagb-image alignright uagb-block-46838d5f wp-block-uagb-image--layout-default wp-block-uagb-image--effect-static wp-block-uagb-image--align-right\"><figure class=\"wp-block-uagb-image__figure\"><img decoding=\"async\" srcset=\"https:\/\/espk-lemurcolmar.fr\/wp-content\/uploads\/2023\/04\/Cafe-Rapp_Van.jpg ,https:\/\/espk-lemurcolmar.fr\/wp-content\/uploads\/2023\/04\/Cafe-Rapp_Van-300x163.jpg 780w, https:\/\/espk-lemurcolmar.fr\/wp-content\/uploads\/2023\/04\/Cafe-Rapp_Van-300x163.jpg 360w\" sizes=\"(max-width: 480px) 150px\" src=\"https:\/\/espk-lemurcolmar.fr\/wp-content\/uploads\/2023\/04\/Cafe-Rapp_Van.jpg\" alt=\"\" class=\"uag-image-2321\" width=\"1024\" height=\"555\" title=\"\" loading=\"lazy\"\/><\/figure><\/div>\n<\/div>\n\n\n\n<div class=\"wp-block-uagb-container uagb-block-8da7b05e\">\n<div class=\"wp-block-uagb-info-box uagb-block-b32bc7b5 uagb-infobox__content-wrap  uagb-infobox-icon-above-title uagb-infobox-image-valign-top\"><div class=\"uagb-ifb-content\"><div class=\"uagb-ifb-title-wrap\"><h4 class=\"uagb-ifb-title\">Les autres projets<\/h4><\/div><p class=\"uagb-ifb-desc\">L\u2019association ESPK participe \u00e0 de nombreux projets les uns plus enrichissants et divertissants que les autres. Qu\u2019il s\u2019agisse de peintures en d\u00e9monstration, de fresques command\u00e9es, d\u2019ateliers participatifs ou d\u2019initiation aux techniques des arts urbains, notre \u00e9quipe est ouverte et \u00e0 l\u2019\u00e9coute de tous vos projets.<br>Nos champs d\u2019intervention sont vari\u00e9s&nbsp;: nous travaillons tant en partenariat avec les municipalit\u00e9s pour investir les murs de leur commune, qu\u2019avec des \u00e9tablissements publics ou en milieu scolaire. Nous avons \u00e0 c\u0153ur, lors de la r\u00e9alisation d\u2019ateliers d\u2019initiation de proposer des contenus adapt\u00e9s \u00e0 votre demande ainsi \u00e0 notre public.<\/p><\/div><\/div>\n<\/div>\n<\/div><\/div>\n\n\n\t\t\t\t\t<div\n\t\t\t\t\t\tclass=\"wp-block-uagb-image-gallery uagb-block-7ad07583     \"\n\t\t\t\t\t\tstyle=\"\"\n\t\t\t\t\t>\n\t\t\t\t\t\t\t\t\t\t\t<div class=\"spectra-image-gallery spectra-image-gallery__layout--carousel\">\n\t\t\t\t\t\t\t\t<div class=\"uagb-slick-carousel uagb-block-7ad07583\">\n\t\t\t\t\t\t\t\t\t\t\t\t<div class='spectra-image-gallery__media-wrapper' data-spectra-gallery-image-id='2033'>\n\t\t\t\t\t\t\t<div class=\"spectra-image-gallery__media spectra-image-gallery__media--carousel\">\n\t\t\t\t<picture>\n\t\t\t\t\t<source media=\"(min-width: 1024px)\" srcset=\"https:\/\/espk-lemurcolmar.fr\/wp-content\/uploads\/2023\/03\/Raphe-1024x1024.jpg\">\n\t\t\t\t\t<source media=\"(min-width: 768px)\" srcset=\"https:\/\/espk-lemurcolmar.fr\/wp-content\/uploads\/2023\/03\/Raphe-1024x1024.jpg\">\n\t\t\t\t\t<img decoding=\"async\" class=\"spectra-image-gallery__media-thumbnail spectra-image-gallery__media-thumbnail--carousel\" src=\"https:\/\/espk-lemurcolmar.fr\/wp-content\/uploads\/2023\/03\/Raphe-300x300.jpg\" alt=\"\" loading=\"lazy\" \/>\n\t\t\t\t<\/picture>\n\t\t\t\t<div class=\"spectra-image-gallery__media-thumbnail-blurrer\"><\/div>\n\t\t\t\t\t\t\t\t\t\t\t<div class=\"spectra-image-gallery__media-thumbnail-caption-wrapper spectra-image-gallery__media-thumbnail-caption-wrapper--overlay\">\n\t\t\t\t\t\t\t\t\t\t\t<div class=\"spectra-image-gallery__media-thumbnail-caption spectra-image-gallery__media-thumbnail-caption--overlay\">\n\t\t\t\t\tAucune l\u00e9gende\t\t\t\t<\/div>\n\t\t\t\t\t\t\t\t\t\t<\/div>\n\t\t\t\t\t\t\t\t\t<\/div>\n\t\t\t\t\t\t<\/div>\n\t\t\t\t\t\t<div class='spectra-image-gallery__media-wrapper' data-spectra-gallery-image-id='2034'>\n\t\t\t\t\t\t\t<div class=\"spectra-image-gallery__media spectra-image-gallery__media--carousel\">\n\t\t\t\t<picture>\n\t\t\t\t\t<source media=\"(min-width: 1024px)\" srcset=\"https:\/\/espk-lemurcolmar.fr\/wp-content\/uploads\/2023\/03\/2018_08_05_LE_MUR_COLMAR_BDef_16-1024x576.jpg\">\n\t\t\t\t\t<source media=\"(min-width: 768px)\" srcset=\"https:\/\/espk-lemurcolmar.fr\/wp-content\/uploads\/2023\/03\/2018_08_05_LE_MUR_COLMAR_BDef_16-1024x576.jpg\">\n\t\t\t\t\t<img decoding=\"async\" class=\"spectra-image-gallery__media-thumbnail spectra-image-gallery__media-thumbnail--carousel\" src=\"https:\/\/espk-lemurcolmar.fr\/wp-content\/uploads\/2023\/03\/2018_08_05_LE_MUR_COLMAR_BDef_16-300x169.jpg\" alt=\"\" loading=\"lazy\" \/>\n\t\t\t\t<\/picture>\n\t\t\t\t<div class=\"spectra-image-gallery__media-thumbnail-blurrer\"><\/div>\n\t\t\t\t\t\t\t\t\t\t\t<div class=\"spectra-image-gallery__media-thumbnail-caption-wrapper spectra-image-gallery__media-thumbnail-caption-wrapper--overlay\">\n\t\t\t\t\t\t\t\t\t\t\t<div class=\"spectra-image-gallery__media-thumbnail-caption spectra-image-gallery__media-thumbnail-caption--overlay\">\n\t\t\t\t\tAucune l\u00e9gende\t\t\t\t<\/div>\n\t\t\t\t\t\t\t\t\t\t<\/div>\n\t\t\t\t\t\t\t\t\t<\/div>\n\t\t\t\t\t\t<\/div>\n\t\t\t\t\t\t<div class='spectra-image-gallery__media-wrapper' data-spectra-gallery-image-id='2031'>\n\t\t\t\t\t\t\t<div class=\"spectra-image-gallery__media spectra-image-gallery__media--carousel\">\n\t\t\t\t<picture>\n\t\t\t\t\t<source media=\"(min-width: 1024px)\" srcset=\"https:\/\/espk-lemurcolmar.fr\/wp-content\/uploads\/2023\/03\/IMG_0343-1024x768.jpg\">\n\t\t\t\t\t<source media=\"(min-width: 768px)\" srcset=\"https:\/\/espk-lemurcolmar.fr\/wp-content\/uploads\/2023\/03\/IMG_0343-1024x768.jpg\">\n\t\t\t\t\t<img decoding=\"async\" class=\"spectra-image-gallery__media-thumbnail spectra-image-gallery__media-thumbnail--carousel\" src=\"https:\/\/espk-lemurcolmar.fr\/wp-content\/uploads\/2023\/03\/IMG_0343-300x225.jpg\" alt=\"\" loading=\"lazy\" \/>\n\t\t\t\t<\/picture>\n\t\t\t\t<div class=\"spectra-image-gallery__media-thumbnail-blurrer\"><\/div>\n\t\t\t\t\t\t\t\t\t\t\t<div class=\"spectra-image-gallery__media-thumbnail-caption-wrapper spectra-image-gallery__media-thumbnail-caption-wrapper--overlay\">\n\t\t\t\t\t\t\t\t\t\t\t<div class=\"spectra-image-gallery__media-thumbnail-caption spectra-image-gallery__media-thumbnail-caption--overlay\">\n\t\t\t\t\tAucune l\u00e9gende\t\t\t\t<\/div>\n\t\t\t\t\t\t\t\t\t\t<\/div>\n\t\t\t\t\t\t\t\t\t<\/div>\n\t\t\t\t\t\t<\/div>\n\t\t\t\t\t\t<div class='spectra-image-gallery__media-wrapper' data-spectra-gallery-image-id='2026'>\n\t\t\t\t\t\t\t<div class=\"spectra-image-gallery__media spectra-image-gallery__media--carousel\">\n\t\t\t\t<picture>\n\t\t\t\t\t<source media=\"(min-width: 1024px)\" srcset=\"https:\/\/espk-lemurcolmar.fr\/wp-content\/uploads\/2023\/03\/2018_08_05_LE_MUR_COLMAR_BDef_15-1024x576.jpg\">\n\t\t\t\t\t<source media=\"(min-width: 768px)\" srcset=\"https:\/\/espk-lemurcolmar.fr\/wp-content\/uploads\/2023\/03\/2018_08_05_LE_MUR_COLMAR_BDef_15-1024x576.jpg\">\n\t\t\t\t\t<img decoding=\"async\" class=\"spectra-image-gallery__media-thumbnail spectra-image-gallery__media-thumbnail--carousel\" src=\"https:\/\/espk-lemurcolmar.fr\/wp-content\/uploads\/2023\/03\/2018_08_05_LE_MUR_COLMAR_BDef_15-300x169.jpg\" alt=\"\" loading=\"lazy\" \/>\n\t\t\t\t<\/picture>\n\t\t\t\t<div class=\"spectra-image-gallery__media-thumbnail-blurrer\"><\/div>\n\t\t\t\t\t\t\t\t\t\t\t<div class=\"spectra-image-gallery__media-thumbnail-caption-wrapper spectra-image-gallery__media-thumbnail-caption-wrapper--overlay\">\n\t\t\t\t\t\t\t\t\t\t\t<div class=\"spectra-image-gallery__media-thumbnail-caption spectra-image-gallery__media-thumbnail-caption--overlay\">\n\t\t\t\t\tAucune l\u00e9gende\t\t\t\t<\/div>\n\t\t\t\t\t\t\t\t\t\t<\/div>\n\t\t\t\t\t\t\t\t\t<\/div>\n\t\t\t\t\t\t<\/div>\n\t\t\t\t\t\t\t\t\t\t\t<\/div>\n\t\t\t\t\t\t\t<\/div>\n\t\t\t\t\t\t\t\t\t\t\t<\/div>\n\t\t\t\t\t\t\t\t\t\n\n\n<div class=\"wp-block-uagb-container uagb-block-0eb1322c alignfull uagb-is-root-container\"><div class=\"uagb-container-inner-blocks-wrap\">\n<div class=\"wp-block-uagb-container uagb-block-b8f34df2\">\n<div class=\"wp-block-uagb-info-box uagb-block-38879bec uagb-infobox__content-wrap  uagb-infobox-icon-above-title uagb-infobox-image-valign-top\"><div class=\"uagb-ifb-content\"><div class=\"uagb-ifb-title-wrap\"><h4 class=\"uagb-ifb-title\">ESPK a besoin de votre soutien<\/h4><\/div><p class=\"uagb-ifb-desc\">L\u2019association ESPK recherche un mur colmarien qui permettrait \u00e0 davantage d\u2019artistes d\u2019exprimer leur art et <s>ce<\/s> de mani\u00e8re plus expos\u00e9e et fr\u00e9quente. Si vous poss\u00e9dez un mur accessible et visible du public, nous aimerions, avec tous les accords n\u00e9cessaires et une organisation rigoureuse, lui donner vie en y organisant 2 \u00e0 5 fois par an des \u00e9v\u00e8nements.<\/p><\/div><\/div>\n\n\n\n<div class=\"wp-block-uagb-buttons uagb-buttons__outer-wrap uagb-btn__default-btn uagb-btn-tablet__default-btn uagb-btn-mobile__default-btn uagb-block-676b4375\"><div class=\"uagb-buttons__wrap uagb-buttons-layout-wrap\">\n<div class=\"wp-block-uagb-buttons-child uagb-buttons__outer-wrap uagb-block-33e42e06 wp-block-button\"><div class=\"uagb-button__wrapper\"><a class=\"uagb-buttons-repeater wp-block-button__link has-background has-text-color\" href=\"https:\/\/espk-lemurcolmar.fr\/?page_id=1328\" onclick=\"return true;\" rel=\"follow noopener\" target=\"_self\"><div class=\"uagb-button__link\">Cliquez ici<\/div><\/a><\/div><\/div>\n<\/div><\/div>\n<\/div>\n\n\n\n<figure class=\"wp-block-image size-full\"><img decoding=\"async\" loading=\"lazy\" width=\"1022\" height=\"534\" src=\"https:\/\/espk-lemurcolmar.fr\/wp-content\/uploads\/2023\/03\/gabarit-BUSTART-01.jpg\" alt=\"\" class=\"wp-image-1914\" srcset=\"https:\/\/espk-lemurcolmar.fr\/wp-content\/uploads\/2023\/03\/gabarit-BUSTART-01.jpg 1022w, https:\/\/espk-lemurcolmar.fr\/wp-content\/uploads\/2023\/03\/gabarit-BUSTART-01-300x157.jpg 300w, https:\/\/espk-lemurcolmar.fr\/wp-content\/uploads\/2023\/03\/gabarit-BUSTART-01-768x401.jpg 768w\" sizes=\"(max-width: 1022px) 100vw, 1022px\" \/><\/figure>\n<\/div><\/div>\n","protected":false},"excerpt":{"rendered":"<p>Les projets<\/p>\n","protected":false},"author":1,"featured_media":0,"parent":0,"menu_order":0,"comment_status":"closed","ping_status":"closed","template":"","meta":{"_uag_custom_page_level_css":"","site-sidebar-layout":"no-sidebar","site-content-layout":"page-builder","ast-global-header-display":"","ast-main-header-display":"","ast-hfb-above-header-display":"","ast-hfb-below-header-display":"","ast-hfb-mobile-header-display":"","site-post-title":"disabled","ast-breadcrumbs-content":"","ast-featured-img":"disabled","footer-sml-layout":"","theme-transparent-header-meta":"enabled","adv-header-id-meta":"","stick-header-meta":"","header-above-stick-meta":"","header-main-stick-meta":"","header-below-stick-meta":""},"yoast_head":"<!-- This site is optimized with the Yoast SEO plugin v20.3 - https:\/\/yoast.com\/wordpress\/plugins\/seo\/ -->\n<title>Les Projets - Le Mur Colmar<\/title>\n<meta name=\"robots\" content=\"index, follow, max-snippet:-1, max-image-preview:large, max-video-preview:-1\" \/>\n<link rel=\"canonical\" href=\"https:\/\/espk-lemurcolmar.fr\/?page_id=1326\" \/>\n<meta property=\"og:locale\" content=\"fr_FR\" \/>\n<meta property=\"og:type\" content=\"article\" \/>\n<meta property=\"og:title\" content=\"Les Projets - Le Mur Colmar\" \/>\n<meta property=\"og:description\" content=\"Les projets\" \/>\n<meta property=\"og:url\" content=\"https:\/\/espk-lemurcolmar.fr\/?page_id=1326\" \/>\n<meta property=\"og:site_name\" content=\"Le Mur Colmar\" \/>\n<meta property=\"article:publisher\" content=\"https:\/\/www.facebook.com\/lemurcolmar\" \/>\n<meta property=\"article:modified_time\" content=\"2023-04-30T20:55:04+00:00\" \/>\n<meta property=\"og:image\" content=\"https:\/\/espk-lemurcolmar.fr\/wp-content\/uploads\/2023\/04\/Judd-Vignette.jpg\" \/>\n<meta name=\"twitter:card\" content=\"summary_large_image\" \/>\n<meta name=\"twitter:label1\" content=\"Dur\u00e9e de lecture estim\u00e9e\" \/>\n\t<meta name=\"twitter:data1\" content=\"2 minutes\" \/>\n<script type=\"application\/ld+json\" class=\"yoast-schema-graph\">{\"@context\":\"https:\/\/schema.org\",\"@graph\":[{\"@type\":\"WebPage\",\"@id\":\"https:\/\/espk-lemurcolmar.fr\/?page_id=1326\",\"url\":\"https:\/\/espk-lemurcolmar.fr\/?page_id=1326\",\"name\":\"Les Projets - Le Mur Colmar\",\"isPartOf\":{\"@id\":\"https:\/\/espk-lemurcolmar.fr\/#website\"},\"datePublished\":\"2022-02-24T05:04:17+00:00\",\"dateModified\":\"2023-04-30T20:55:04+00:00\",\"breadcrumb\":{\"@id\":\"https:\/\/espk-lemurcolmar.fr\/?page_id=1326#breadcrumb\"},\"inLanguage\":\"fr-FR\",\"potentialAction\":[{\"@type\":\"ReadAction\",\"target\":[\"https:\/\/espk-lemurcolmar.fr\/?page_id=1326\"]}]},{\"@type\":\"BreadcrumbList\",\"@id\":\"https:\/\/espk-lemurcolmar.fr\/?page_id=1326#breadcrumb\",\"itemListElement\":[{\"@type\":\"ListItem\",\"position\":1,\"name\":\"Home\",\"item\":\"https:\/\/espk-lemurcolmar.fr\/\"},{\"@type\":\"ListItem\",\"position\":2,\"name\":\"Les Projets\"}]},{\"@type\":\"WebSite\",\"@id\":\"https:\/\/espk-lemurcolmar.fr\/#website\",\"url\":\"https:\/\/espk-lemurcolmar.fr\/\",\"name\":\"ESPK - Le Mur Colmar\",\"description\":\"\",\"publisher\":{\"@id\":\"https:\/\/espk-lemurcolmar.fr\/#organization\"},\"potentialAction\":[{\"@type\":\"SearchAction\",\"target\":{\"@type\":\"EntryPoint\",\"urlTemplate\":\"https:\/\/espk-lemurcolmar.fr\/?s={search_term_string}\"},\"query-input\":\"required name=search_term_string\"}],\"inLanguage\":\"fr-FR\"},{\"@type\":\"Organization\",\"@id\":\"https:\/\/espk-lemurcolmar.fr\/#organization\",\"name\":\"ESPK - Le Mur Colmar\",\"url\":\"https:\/\/espk-lemurcolmar.fr\/\",\"logo\":{\"@type\":\"ImageObject\",\"inLanguage\":\"fr-FR\",\"@id\":\"https:\/\/espk-lemurcolmar.fr\/#\/schema\/logo\/image\/\",\"url\":\"https:\/\/espk-lemurcolmar.fr\/wp-content\/uploads\/2023\/02\/espkL1.png\",\"contentUrl\":\"https:\/\/espk-lemurcolmar.fr\/wp-content\/uploads\/2023\/02\/espkL1.png\",\"width\":132,\"height\":60,\"caption\":\"ESPK - Le Mur Colmar\"},\"image\":{\"@id\":\"https:\/\/espk-lemurcolmar.fr\/#\/schema\/logo\/image\/\"},\"sameAs\":[\"https:\/\/www.facebook.com\/lemurcolmar\",\"https:\/\/www.instagram.com\/lemurcolmar\/\"]}]}<\/script>\n<!-- \/ Yoast SEO plugin. -->","yoast_head_json":{"title":"Les Projets - Le Mur Colmar","robots":{"index":"index","follow":"follow","max-snippet":"max-snippet:-1","max-image-preview":"max-image-preview:large","max-video-preview":"max-video-preview:-1"},"canonical":"https:\/\/espk-lemurcolmar.fr\/?page_id=1326","og_locale":"fr_FR","og_type":"article","og_title":"Les Projets - Le Mur Colmar","og_description":"Les projets","og_url":"https:\/\/espk-lemurcolmar.fr\/?page_id=1326","og_site_name":"Le Mur Colmar","article_publisher":"https:\/\/www.facebook.com\/lemurcolmar","article_modified_time":"2023-04-30T20:55:04+00:00","og_image":[{"url":"https:\/\/espk-lemurcolmar.fr\/wp-content\/uploads\/2023\/04\/Judd-Vignette.jpg"}],"twitter_card":"summary_large_image","twitter_misc":{"Dur\u00e9e de lecture estim\u00e9e":"2 minutes"},"schema":{"@context":"https:\/\/schema.org","@graph":[{"@type":"WebPage","@id":"https:\/\/espk-lemurcolmar.fr\/?page_id=1326","url":"https:\/\/espk-lemurcolmar.fr\/?page_id=1326","name":"Les Projets - Le Mur Colmar","isPartOf":{"@id":"https:\/\/espk-lemurcolmar.fr\/#website"},"datePublished":"2022-02-24T05:04:17+00:00","dateModified":"2023-04-30T20:55:04+00:00","breadcrumb":{"@id":"https:\/\/espk-lemurcolmar.fr\/?page_id=1326#breadcrumb"},"inLanguage":"fr-FR","potentialAction":[{"@type":"ReadAction","target":["https:\/\/espk-lemurcolmar.fr\/?page_id=1326"]}]},{"@type":"BreadcrumbList","@id":"https:\/\/espk-lemurcolmar.fr\/?page_id=1326#breadcrumb","itemListElement":[{"@type":"ListItem","position":1,"name":"Home","item":"https:\/\/espk-lemurcolmar.fr\/"},{"@type":"ListItem","position":2,"name":"Les Projets"}]},{"@type":"WebSite","@id":"https:\/\/espk-lemurcolmar.fr\/#website","url":"https:\/\/espk-lemurcolmar.fr\/","name":"ESPK - Le Mur Colmar","description":"","publisher":{"@id":"https:\/\/espk-lemurcolmar.fr\/#organization"},"potentialAction":[{"@type":"SearchAction","target":{"@type":"EntryPoint","urlTemplate":"https:\/\/espk-lemurcolmar.fr\/?s={search_term_string}"},"query-input":"required name=search_term_string"}],"inLanguage":"fr-FR"},{"@type":"Organization","@id":"https:\/\/espk-lemurcolmar.fr\/#organization","name":"ESPK - Le Mur Colmar","url":"https:\/\/espk-lemurcolmar.fr\/","logo":{"@type":"ImageObject","inLanguage":"fr-FR","@id":"https:\/\/espk-lemurcolmar.fr\/#\/schema\/logo\/image\/","url":"https:\/\/espk-lemurcolmar.fr\/wp-content\/uploads\/2023\/02\/espkL1.png","contentUrl":"https:\/\/espk-lemurcolmar.fr\/wp-content\/uploads\/2023\/02\/espkL1.png","width":132,"height":60,"caption":"ESPK - Le Mur Colmar"},"image":{"@id":"https:\/\/espk-lemurcolmar.fr\/#\/schema\/logo\/image\/"},"sameAs":["https:\/\/www.facebook.com\/lemurcolmar","https:\/\/www.instagram.com\/lemurcolmar\/"]}]}},"uagb_featured_image_src":{"full":false,"thumbnail":false,"medium":false,"medium_large":false,"large":false,"1536x1536":false,"2048x2048":false},"uagb_author_info":{"display_name":"zeeknoctem@gmail.com","author_link":"https:\/\/espk-lemurcolmar.fr\/?author=1"},"uagb_comment_info":0,"uagb_excerpt":"Les projets","_links":{"self":[{"href":"https:\/\/espk-lemurcolmar.fr\/index.php?rest_route=\/wp\/v2\/pages\/1326"}],"collection":[{"href":"https:\/\/espk-lemurcolmar.fr\/index.php?rest_route=\/wp\/v2\/pages"}],"about":[{"href":"https:\/\/espk-lemurcolmar.fr\/index.php?rest_route=\/wp\/v2\/types\/page"}],"author":[{"embeddable":true,"href":"https:\/\/espk-lemurcolmar.fr\/index.php?rest_route=\/wp\/v2\/users\/1"}],"replies":[{"embeddable":true,"href":"https:\/\/espk-lemurcolmar.fr\/index.php?rest_route=%2Fwp%2Fv2%2Fcomments&post=1326"}],"version-history":[{"count":43,"href":"https:\/\/espk-lemurcolmar.fr\/index.php?rest_route=\/wp\/v2\/pages\/1326\/revisions"}],"predecessor-version":[{"id":2342,"href":"https:\/\/espk-lemurcolmar.fr\/index.php?rest_route=\/wp\/v2\/pages\/1326\/revisions\/2342"}],"wp:attachment":[{"href":"https:\/\/espk-lemurcolmar.fr\/index.php?rest_route=%2Fwp%2Fv2%2Fmedia&parent=1326"}],"curies":[{"name":"wp","href":"https:\/\/api.w.org\/{rel}","templated":true}]}}