{"id":1819,"date":"2023-02-22T12:19:00","date_gmt":"2023-02-22T12:19:00","guid":{"rendered":"https:\/\/espk-lemurcolmar.fr\/?page_id=1819"},"modified":"2024-12-13T16:27:12","modified_gmt":"2024-12-13T16:27:12","slug":"artistes-2","status":"publish","type":"page","link":"https:\/\/espk-lemurcolmar.fr\/?page_id=1819","title":{"rendered":"Les Artistes"},"content":{"rendered":"\n<p><\/p>\n\n\n\n<div class=\"wp-block-uagb-container uagb-block-d08ee53f alignfull uagb-is-root-container\"><div class=\"uagb-container-inner-blocks-wrap\">\n<div class=\"wp-block-uagb-advanced-heading uagb-block-cf0c4b84\"><h1 class=\"uagb-heading-text\">D\u00e9couvrez nos artistes<\/h1><\/div>\n<\/div><\/div>\n\n\n\n<div class=\"inherit-container-width is-layout-constrained wp-block-group alignfull has-background\" style=\"background-color:#151515\">\n<div class=\"is-layout-flex wp-container-5 wp-block-columns alignwide\">\n<div class=\"is-layout-flow wp-block-column\">\n<figure class=\"wp-block-image size-full is-style-default\"><img decoding=\"async\" loading=\"lazy\" width=\"285\" height=\"280\" src=\"https:\/\/espk-lemurcolmar.fr\/wp-content\/uploads\/2023\/03\/Marie.jpg\" alt=\"\" class=\"wp-image-2202\"\/><\/figure>\n\n\n\n<h4 class=\"has-text-color\" style=\"color:#ffffff\">Ma Rie<\/h4>\n\n\n\n<p class=\"has-text-color\" style=\"color:#ffffff\">Ne vous fiez pas \u00e0 ses 3 ans d&rsquo;exp\u00e9rience dans le graffiti. Cette passionn\u00e9e insatiable a d\u00e9j\u00e0 quelques dizaines d&rsquo;\u0153uvres sublimes \u00e0 son actif. <\/p>\n<\/div>\n\n\n\n<div class=\"is-layout-flow wp-block-column\">\n<figure class=\"wp-block-image size-full\"><img decoding=\"async\" loading=\"lazy\" width=\"285\" height=\"280\" src=\"https:\/\/espk-lemurcolmar.fr\/wp-content\/uploads\/2023\/11\/Judd2.jpg\" alt=\"\" class=\"wp-image-2379\"\/><\/figure>\n\n\n\n<h4 class=\"has-text-color\" style=\"color:#ffffff\">Judd<\/h4>\n\n\n\n<p class=\"has-ast-global-color-5-color has-text-color\">Autodidacte touche \u00e0 tout \u00e0 part enti\u00e8re. La passion du skateboard, de la musique<br>et la photographie le propulse tr\u00e8s vite dans l\u2019univers du graffiti et de l\u2019illustration. En 1987 \u00ab JulienJudd \u00bb commence \u00e0 colorer les murs pour tester la jubilation du graffiti.<\/p>\n\n\n\n<p class=\"has-text-color\" style=\"color:#ffffff\"> <\/p>\n<\/div>\n\n\n\n<div class=\"is-layout-flow wp-block-column\">\n<figure class=\"wp-block-image size-full\"><img decoding=\"async\" loading=\"lazy\" width=\"285\" height=\"280\" src=\"https:\/\/espk-lemurcolmar.fr\/wp-content\/uploads\/2023\/03\/zlamounet1.jpg\" alt=\"\" class=\"wp-image-2204\"\/><\/figure>\n\n\n\n<h4 class=\"has-text-color\" style=\"color:#ffffff\">Mr Zlam<\/h4>\n\n\n\n<p class=\"has-text-color\" style=\"color:#ffffff\">Le beau gosse qui graffe H24. Fanatique de culture hip hop, c&rsquo;\u00e9tait s\u00fbre que le graffiti finirait par l&rsquo;avoir. Son amour de la culture transpire dans ses \u0153uvres.<\/p>\n<\/div>\n\n\n\n<div class=\"is-layout-flow wp-block-column\">\n<figure class=\"wp-block-image size-full\"><img decoding=\"async\" loading=\"lazy\" width=\"285\" height=\"280\" src=\"https:\/\/espk-lemurcolmar.fr\/wp-content\/uploads\/2023\/03\/zeekon.jpg\" alt=\"\" class=\"wp-image-2205\"\/><\/figure>\n\n\n\n<h4 class=\"has-text-color\" style=\"color:#ffffff\">Zeek<\/h4>\n\n\n\n<p class=\"has-text-color\" style=\"color:#ffffff\">Artiste compulsif et chronique pr\u00e9sent sur la sc\u00e8ne locale depuis longtemps. Ce fou d&rsquo;art sous toutes ses formes d\u00e9borde de cr\u00e9ativit\u00e9. <\/p>\n<\/div>\n<\/div>\n<\/div>\n","protected":false},"excerpt":{"rendered":"<p>D\u00e9couvrez nos artistes Ma Rie Ne vous fiez pas \u00e0 ses 3 ans d&rsquo;exp\u00e9rience dans le graffiti. Cette passionn\u00e9e insatiable a d\u00e9j\u00e0 quelques dizaines d&rsquo;\u0153uvres sublimes \u00e0 son actif. Judd Autodidacte touche \u00e0 tout \u00e0 part enti\u00e8re. La passion du skateboard, de la musiqueet la photographie le propulse tr\u00e8s vite dans l\u2019univers du graffiti et &hellip;<\/p>\n<p class=\"read-more\"> <a class=\"\" href=\"https:\/\/espk-lemurcolmar.fr\/?page_id=1819\"> <span class=\"screen-reader-text\">Les Artistes<\/span> Lire la suite\u00a0\u00bb<\/a><\/p>\n","protected":false},"author":1,"featured_media":0,"parent":0,"menu_order":0,"comment_status":"closed","ping_status":"closed","template":"","meta":{"_uag_custom_page_level_css":"","site-sidebar-layout":"default","site-content-layout":"page-builder","ast-global-header-display":"","ast-main-header-display":"","ast-hfb-above-header-display":"","ast-hfb-below-header-display":"","ast-hfb-mobile-header-display":"","site-post-title":"disabled","ast-breadcrumbs-content":"","ast-featured-img":"","footer-sml-layout":"","theme-transparent-header-meta":"","adv-header-id-meta":"","stick-header-meta":"","header-above-stick-meta":"","header-main-stick-meta":"","header-below-stick-meta":""},"yoast_head":"<!-- This site is optimized with the Yoast SEO plugin v20.3 - https:\/\/yoast.com\/wordpress\/plugins\/seo\/ -->\n<title>Les Artistes - Le Mur Colmar<\/title>\n<meta name=\"robots\" content=\"index, follow, max-snippet:-1, max-image-preview:large, max-video-preview:-1\" \/>\n<link rel=\"canonical\" href=\"https:\/\/espk-lemurcolmar.fr\/?page_id=1819\" \/>\n<meta property=\"og:locale\" content=\"fr_FR\" \/>\n<meta property=\"og:type\" content=\"article\" \/>\n<meta property=\"og:title\" content=\"Les Artistes - Le Mur Colmar\" \/>\n<meta property=\"og:description\" content=\"D\u00e9couvrez nos artistes Ma Rie Ne vous fiez pas \u00e0 ses 3 ans d&rsquo;exp\u00e9rience dans le graffiti. Cette passionn\u00e9e insatiable a d\u00e9j\u00e0 quelques dizaines d&rsquo;\u0153uvres sublimes \u00e0 son actif. Judd Autodidacte touche \u00e0 tout \u00e0 part enti\u00e8re. La passion du skateboard, de la musiqueet la photographie le propulse tr\u00e8s vite dans l\u2019univers du graffiti et &hellip; Les Artistes Lire la suite\u00a0\u00bb\" \/>\n<meta property=\"og:url\" content=\"https:\/\/espk-lemurcolmar.fr\/?page_id=1819\" \/>\n<meta property=\"og:site_name\" content=\"Le Mur Colmar\" \/>\n<meta property=\"article:publisher\" content=\"https:\/\/www.facebook.com\/lemurcolmar\" \/>\n<meta property=\"article:modified_time\" content=\"2024-12-13T16:27:12+00:00\" \/>\n<meta property=\"og:image\" content=\"https:\/\/espk-lemurcolmar.fr\/wp-content\/uploads\/2023\/03\/Marie.jpg\" \/>\n<meta name=\"twitter:card\" content=\"summary_large_image\" \/>\n<meta name=\"twitter:label1\" content=\"Dur\u00e9e de lecture estim\u00e9e\" \/>\n\t<meta name=\"twitter:data1\" content=\"2 minutes\" \/>\n<script type=\"application\/ld+json\" class=\"yoast-schema-graph\">{\"@context\":\"https:\/\/schema.org\",\"@graph\":[{\"@type\":\"WebPage\",\"@id\":\"https:\/\/espk-lemurcolmar.fr\/?page_id=1819\",\"url\":\"https:\/\/espk-lemurcolmar.fr\/?page_id=1819\",\"name\":\"Les Artistes - Le Mur Colmar\",\"isPartOf\":{\"@id\":\"https:\/\/espk-lemurcolmar.fr\/#website\"},\"datePublished\":\"2023-02-22T12:19:00+00:00\",\"dateModified\":\"2024-12-13T16:27:12+00:00\",\"breadcrumb\":{\"@id\":\"https:\/\/espk-lemurcolmar.fr\/?page_id=1819#breadcrumb\"},\"inLanguage\":\"fr-FR\",\"potentialAction\":[{\"@type\":\"ReadAction\",\"target\":[\"https:\/\/espk-lemurcolmar.fr\/?page_id=1819\"]}]},{\"@type\":\"BreadcrumbList\",\"@id\":\"https:\/\/espk-lemurcolmar.fr\/?page_id=1819#breadcrumb\",\"itemListElement\":[{\"@type\":\"ListItem\",\"position\":1,\"name\":\"Home\",\"item\":\"https:\/\/espk-lemurcolmar.fr\/\"},{\"@type\":\"ListItem\",\"position\":2,\"name\":\"Les Artistes\"}]},{\"@type\":\"WebSite\",\"@id\":\"https:\/\/espk-lemurcolmar.fr\/#website\",\"url\":\"https:\/\/espk-lemurcolmar.fr\/\",\"name\":\"ESPK - Le Mur Colmar\",\"description\":\"\",\"publisher\":{\"@id\":\"https:\/\/espk-lemurcolmar.fr\/#organization\"},\"potentialAction\":[{\"@type\":\"SearchAction\",\"target\":{\"@type\":\"EntryPoint\",\"urlTemplate\":\"https:\/\/espk-lemurcolmar.fr\/?s={search_term_string}\"},\"query-input\":\"required name=search_term_string\"}],\"inLanguage\":\"fr-FR\"},{\"@type\":\"Organization\",\"@id\":\"https:\/\/espk-lemurcolmar.fr\/#organization\",\"name\":\"ESPK - Le Mur Colmar\",\"url\":\"https:\/\/espk-lemurcolmar.fr\/\",\"logo\":{\"@type\":\"ImageObject\",\"inLanguage\":\"fr-FR\",\"@id\":\"https:\/\/espk-lemurcolmar.fr\/#\/schema\/logo\/image\/\",\"url\":\"https:\/\/espk-lemurcolmar.fr\/wp-content\/uploads\/2023\/02\/espkL1.png\",\"contentUrl\":\"https:\/\/espk-lemurcolmar.fr\/wp-content\/uploads\/2023\/02\/espkL1.png\",\"width\":132,\"height\":60,\"caption\":\"ESPK - Le Mur Colmar\"},\"image\":{\"@id\":\"https:\/\/espk-lemurcolmar.fr\/#\/schema\/logo\/image\/\"},\"sameAs\":[\"https:\/\/www.facebook.com\/lemurcolmar\",\"https:\/\/www.instagram.com\/lemurcolmar\/\"]}]}<\/script>\n<!-- \/ Yoast SEO plugin. -->","yoast_head_json":{"title":"Les Artistes - Le Mur Colmar","robots":{"index":"index","follow":"follow","max-snippet":"max-snippet:-1","max-image-preview":"max-image-preview:large","max-video-preview":"max-video-preview:-1"},"canonical":"https:\/\/espk-lemurcolmar.fr\/?page_id=1819","og_locale":"fr_FR","og_type":"article","og_title":"Les Artistes - Le Mur Colmar","og_description":"D\u00e9couvrez nos artistes Ma Rie Ne vous fiez pas \u00e0 ses 3 ans d&rsquo;exp\u00e9rience dans le graffiti. Cette passionn\u00e9e insatiable a d\u00e9j\u00e0 quelques dizaines d&rsquo;\u0153uvres sublimes \u00e0 son actif. Judd Autodidacte touche \u00e0 tout \u00e0 part enti\u00e8re. La passion du skateboard, de la musiqueet la photographie le propulse tr\u00e8s vite dans l\u2019univers du graffiti et &hellip; Les Artistes Lire la suite\u00a0\u00bb","og_url":"https:\/\/espk-lemurcolmar.fr\/?page_id=1819","og_site_name":"Le Mur Colmar","article_publisher":"https:\/\/www.facebook.com\/lemurcolmar","article_modified_time":"2024-12-13T16:27:12+00:00","og_image":[{"url":"https:\/\/espk-lemurcolmar.fr\/wp-content\/uploads\/2023\/03\/Marie.jpg"}],"twitter_card":"summary_large_image","twitter_misc":{"Dur\u00e9e de lecture estim\u00e9e":"2 minutes"},"schema":{"@context":"https:\/\/schema.org","@graph":[{"@type":"WebPage","@id":"https:\/\/espk-lemurcolmar.fr\/?page_id=1819","url":"https:\/\/espk-lemurcolmar.fr\/?page_id=1819","name":"Les Artistes - Le Mur Colmar","isPartOf":{"@id":"https:\/\/espk-lemurcolmar.fr\/#website"},"datePublished":"2023-02-22T12:19:00+00:00","dateModified":"2024-12-13T16:27:12+00:00","breadcrumb":{"@id":"https:\/\/espk-lemurcolmar.fr\/?page_id=1819#breadcrumb"},"inLanguage":"fr-FR","potentialAction":[{"@type":"ReadAction","target":["https:\/\/espk-lemurcolmar.fr\/?page_id=1819"]}]},{"@type":"BreadcrumbList","@id":"https:\/\/espk-lemurcolmar.fr\/?page_id=1819#breadcrumb","itemListElement":[{"@type":"ListItem","position":1,"name":"Home","item":"https:\/\/espk-lemurcolmar.fr\/"},{"@type":"ListItem","position":2,"name":"Les Artistes"}]},{"@type":"WebSite","@id":"https:\/\/espk-lemurcolmar.fr\/#website","url":"https:\/\/espk-lemurcolmar.fr\/","name":"ESPK - Le Mur Colmar","description":"","publisher":{"@id":"https:\/\/espk-lemurcolmar.fr\/#organization"},"potentialAction":[{"@type":"SearchAction","target":{"@type":"EntryPoint","urlTemplate":"https:\/\/espk-lemurcolmar.fr\/?s={search_term_string}"},"query-input":"required name=search_term_string"}],"inLanguage":"fr-FR"},{"@type":"Organization","@id":"https:\/\/espk-lemurcolmar.fr\/#organization","name":"ESPK - Le Mur Colmar","url":"https:\/\/espk-lemurcolmar.fr\/","logo":{"@type":"ImageObject","inLanguage":"fr-FR","@id":"https:\/\/espk-lemurcolmar.fr\/#\/schema\/logo\/image\/","url":"https:\/\/espk-lemurcolmar.fr\/wp-content\/uploads\/2023\/02\/espkL1.png","contentUrl":"https:\/\/espk-lemurcolmar.fr\/wp-content\/uploads\/2023\/02\/espkL1.png","width":132,"height":60,"caption":"ESPK - Le Mur Colmar"},"image":{"@id":"https:\/\/espk-lemurcolmar.fr\/#\/schema\/logo\/image\/"},"sameAs":["https:\/\/www.facebook.com\/lemurcolmar","https:\/\/www.instagram.com\/lemurcolmar\/"]}]}},"uagb_featured_image_src":{"full":false,"thumbnail":false,"medium":false,"medium_large":false,"large":false,"1536x1536":false,"2048x2048":false},"uagb_author_info":{"display_name":"zeeknoctem@gmail.com","author_link":"https:\/\/espk-lemurcolmar.fr\/?author=1"},"uagb_comment_info":0,"uagb_excerpt":"D\u00e9couvrez nos artistes Ma Rie Ne vous fiez pas \u00e0 ses 3 ans d&rsquo;exp\u00e9rience dans le graffiti. Cette passionn\u00e9e insatiable a d\u00e9j\u00e0 quelques dizaines d&rsquo;\u0153uvres sublimes \u00e0 son actif. Judd Autodidacte touche \u00e0 tout \u00e0 part enti\u00e8re. La passion du skateboard, de la musiqueet la photographie le propulse tr\u00e8s vite dans l\u2019univers du graffiti et\u2026","_links":{"self":[{"href":"https:\/\/espk-lemurcolmar.fr\/index.php?rest_route=\/wp\/v2\/pages\/1819"}],"collection":[{"href":"https:\/\/espk-lemurcolmar.fr\/index.php?rest_route=\/wp\/v2\/pages"}],"about":[{"href":"https:\/\/espk-lemurcolmar.fr\/index.php?rest_route=\/wp\/v2\/types\/page"}],"author":[{"embeddable":true,"href":"https:\/\/espk-lemurcolmar.fr\/index.php?rest_route=\/wp\/v2\/users\/1"}],"replies":[{"embeddable":true,"href":"https:\/\/espk-lemurcolmar.fr\/index.php?rest_route=%2Fwp%2Fv2%2Fcomments&post=1819"}],"version-history":[{"count":28,"href":"https:\/\/espk-lemurcolmar.fr\/index.php?rest_route=\/wp\/v2\/pages\/1819\/revisions"}],"predecessor-version":[{"id":2420,"href":"https:\/\/espk-lemurcolmar.fr\/index.php?rest_route=\/wp\/v2\/pages\/1819\/revisions\/2420"}],"wp:attachment":[{"href":"https:\/\/espk-lemurcolmar.fr\/index.php?rest_route=%2Fwp%2Fv2%2Fmedia&parent=1819"}],"curies":[{"name":"wp","href":"https:\/\/api.w.org\/{rel}","templated":true}]}}